{"id":5094,"date":"2021-06-04T23:12:56","date_gmt":"2021-06-04T21:12:56","guid":{"rendered":"https:\/\/iwealth.pl\/test-slidera\/"},"modified":"2024-11-19T11:35:36","modified_gmt":"2024-11-19T10:35:36","slug":"test-slidera","status":"publish","type":"page","link":"https:\/\/iwealth.pl\/en\/","title":{"rendered":"Home page"},"content":{"rendered":"","protected":false},"excerpt":{"rendered":"","protected":false},"author":1,"featured_media":0,"parent":0,"menu_order":0,"comment_status":"closed","ping_status":"closed","template":"template-home.php","meta":{"inline_featured_image":false},"acf":[],"yoast_head":"<!-- This site is optimized with the Yoast SEO plugin v18.4.1 - https:\/\/yoast.com\/wordpress\/plugins\/seo\/ -->\n<title>iWealth - us\u0142ugi finansowe dla zamo\u017cnych klient\u00f3w<\/title>\n<meta name=\"description\" content=\"iWealth Management to zesp\u00f3\u0142 Wealth Manager\u00f3w, kt\u00f3ry wspiera zamo\u017cnych klient\u00f3w przy podejmowaniu decyzji finansowych\" \/>\n<meta name=\"robots\" content=\"index, follow, max-snippet:-1, max-image-preview:large, max-video-preview:-1\" \/>\n<link rel=\"canonical\" href=\"https:\/\/iwealth.pl\/en\/\" \/>\n<meta property=\"og:locale\" content=\"en_US\" \/>\n<meta property=\"og:type\" content=\"article\" \/>\n<meta property=\"og:title\" content=\"iWealth - us\u0142ugi finansowe dla zamo\u017cnych klient\u00f3w\" \/>\n<meta property=\"og:description\" content=\"iWealth Management to zesp\u00f3\u0142 Wealth Manager\u00f3w, kt\u00f3ry wspiera zamo\u017cnych klient\u00f3w przy podejmowaniu decyzji finansowych\" \/>\n<meta property=\"og:url\" content=\"https:\/\/iwealth.pl\/en\/\" \/>\n<meta property=\"og:site_name\" content=\"iWealth\" \/>\n<meta property=\"article:modified_time\" content=\"2024-11-19T10:35:36+00:00\" \/>\n<meta property=\"og:image\" content=\"https:\/\/iwealth.pl\/wp-content\/uploads\/2018\/06\/socialfacebook.png\" \/>\n\t<meta property=\"og:image:width\" content=\"1200\" \/>\n\t<meta property=\"og:image:height\" content=\"630\" \/>\n\t<meta property=\"og:image:type\" content=\"image\/png\" \/>\n<meta name=\"twitter:card\" content=\"summary_large_image\" \/>\n<script type=\"application\/ld+json\" class=\"yoast-schema-graph\">{\"@context\":\"https:\/\/schema.org\",\"@graph\":[{\"@type\":\"WebSite\",\"@id\":\"https:\/\/iwealth.pl\/#website\",\"url\":\"https:\/\/iwealth.pl\/\",\"name\":\"iWealth\",\"description\":\"\",\"potentialAction\":[{\"@type\":\"SearchAction\",\"target\":{\"@type\":\"EntryPoint\",\"urlTemplate\":\"https:\/\/iwealth.pl\/?s={search_term_string}\"},\"query-input\":\"required name=search_term_string\"}],\"inLanguage\":\"en-US\"},{\"@type\":\"WebPage\",\"@id\":\"https:\/\/iwealth.pl\/en\/#webpage\",\"url\":\"https:\/\/iwealth.pl\/en\/\",\"name\":\"iWealth - us\u0142ugi finansowe dla zamo\u017cnych klient\u00f3w\",\"isPartOf\":{\"@id\":\"https:\/\/iwealth.pl\/#website\"},\"datePublished\":\"2021-06-04T21:12:56+00:00\",\"dateModified\":\"2024-11-19T10:35:36+00:00\",\"description\":\"iWealth Management to zesp\u00f3\u0142 Wealth Manager\u00f3w, kt\u00f3ry wspiera zamo\u017cnych klient\u00f3w przy podejmowaniu decyzji finansowych\",\"breadcrumb\":{\"@id\":\"https:\/\/iwealth.pl\/en\/#breadcrumb\"},\"inLanguage\":\"en-US\",\"potentialAction\":[{\"@type\":\"ReadAction\",\"target\":[\"https:\/\/iwealth.pl\/en\/\"]}]},{\"@type\":\"BreadcrumbList\",\"@id\":\"https:\/\/iwealth.pl\/en\/#breadcrumb\",\"itemListElement\":[{\"@type\":\"ListItem\",\"position\":1,\"name\":\"Strona g\u0142\u00f3wna\",\"item\":\"https:\/\/iwealth.pl\/en\/\"},{\"@type\":\"ListItem\",\"position\":2,\"name\":\"Home page\"}]}]}<\/script>\n<!-- \/ Yoast SEO plugin. -->","yoast_head_json":{"title":"iWealth - us\u0142ugi finansowe dla zamo\u017cnych klient\u00f3w","description":"iWealth Management to zesp\u00f3\u0142 Wealth Manager\u00f3w, kt\u00f3ry wspiera zamo\u017cnych klient\u00f3w przy podejmowaniu decyzji finansowych","robots":{"index":"index","follow":"follow","max-snippet":"max-snippet:-1","max-image-preview":"max-image-preview:large","max-video-preview":"max-video-preview:-1"},"canonical":"https:\/\/iwealth.pl\/en\/","og_locale":"en_US","og_type":"article","og_title":"iWealth - us\u0142ugi finansowe dla zamo\u017cnych klient\u00f3w","og_description":"iWealth Management to zesp\u00f3\u0142 Wealth Manager\u00f3w, kt\u00f3ry wspiera zamo\u017cnych klient\u00f3w przy podejmowaniu decyzji finansowych","og_url":"https:\/\/iwealth.pl\/en\/","og_site_name":"iWealth","article_modified_time":"2024-11-19T10:35:36+00:00","og_image":[{"width":1200,"height":630,"url":"https:\/\/iwealth.pl\/wp-content\/uploads\/2018\/06\/socialfacebook.png","type":"image\/png"}],"twitter_card":"summary_large_image","schema":{"@context":"https:\/\/schema.org","@graph":[{"@type":"WebSite","@id":"https:\/\/iwealth.pl\/#website","url":"https:\/\/iwealth.pl\/","name":"iWealth","description":"","potentialAction":[{"@type":"SearchAction","target":{"@type":"EntryPoint","urlTemplate":"https:\/\/iwealth.pl\/?s={search_term_string}"},"query-input":"required name=search_term_string"}],"inLanguage":"en-US"},{"@type":"WebPage","@id":"https:\/\/iwealth.pl\/en\/#webpage","url":"https:\/\/iwealth.pl\/en\/","name":"iWealth - us\u0142ugi finansowe dla zamo\u017cnych klient\u00f3w","isPartOf":{"@id":"https:\/\/iwealth.pl\/#website"},"datePublished":"2021-06-04T21:12:56+00:00","dateModified":"2024-11-19T10:35:36+00:00","description":"iWealth Management to zesp\u00f3\u0142 Wealth Manager\u00f3w, kt\u00f3ry wspiera zamo\u017cnych klient\u00f3w przy podejmowaniu decyzji finansowych","breadcrumb":{"@id":"https:\/\/iwealth.pl\/en\/#breadcrumb"},"inLanguage":"en-US","potentialAction":[{"@type":"ReadAction","target":["https:\/\/iwealth.pl\/en\/"]}]},{"@type":"BreadcrumbList","@id":"https:\/\/iwealth.pl\/en\/#breadcrumb","itemListElement":[{"@type":"ListItem","position":1,"name":"Strona g\u0142\u00f3wna","item":"https:\/\/iwealth.pl\/en\/"},{"@type":"ListItem","position":2,"name":"Home page"}]}]}},"_links":{"self":[{"href":"https:\/\/iwealth.pl\/en\/wp-json\/wp\/v2\/pages\/5094"}],"collection":[{"href":"https:\/\/iwealth.pl\/en\/wp-json\/wp\/v2\/pages"}],"about":[{"href":"https:\/\/iwealth.pl\/en\/wp-json\/wp\/v2\/types\/page"}],"author":[{"embeddable":true,"href":"https:\/\/iwealth.pl\/en\/wp-json\/wp\/v2\/users\/1"}],"replies":[{"embeddable":true,"href":"https:\/\/iwealth.pl\/en\/wp-json\/wp\/v2\/comments?post=5094"}],"version-history":[{"count":10,"href":"https:\/\/iwealth.pl\/en\/wp-json\/wp\/v2\/pages\/5094\/revisions"}],"predecessor-version":[{"id":10427,"href":"https:\/\/iwealth.pl\/en\/wp-json\/wp\/v2\/pages\/5094\/revisions\/10427"}],"wp:attachment":[{"href":"https:\/\/iwealth.pl\/en\/wp-json\/wp\/v2\/media?parent=5094"}],"curies":[{"name":"wp","href":"https:\/\/api.w.org\/{rel}","templated":true}]}}